{"id":43,"date":"2024-05-14T12:28:03","date_gmt":"2024-05-14T12:28:03","guid":{"rendered":"https:\/\/okoshitel.maximumweb.hu\/?page_id=43"},"modified":"2025-03-20T14:04:25","modified_gmt":"2025-03-20T14:04:25","slug":"lakasvasarlasi-hitel","status":"publish","type":"page","link":"https:\/\/okoshitel.maximumweb.hu\/index.php\/lakasvasarlasi-hitel\/","title":{"rendered":"Lak\u00e1sv\u00e1s\u00e1rl\u00e1si hitel"},"content":{"rendered":"<p>[et_pb_section fb_built=&#8221;1&#8243; _builder_version=&#8221;4.27.2&#8243; _module_preset=&#8221;default&#8221; global_colors_info=&#8221;{}&#8221;][et_pb_row _builder_version=&#8221;4.27.2&#8243; _module_preset=&#8221;default&#8221; background_color=&#8221;#f39c42&#8243; width=&#8221;100%&#8221; max_width=&#8221;100%&#8221; global_colors_info=&#8221;{}&#8221;][et_pb_column type=&#8221;4_4&#8243; _builder_version=&#8221;4.27.2&#8243; _module_preset=&#8221;default&#8221; global_colors_info=&#8221;{}&#8221;][et_pb_text _builder_version=&#8221;4.27.2&#8243; _module_preset=&#8221;default&#8221; text_font=&#8221;|600|||||||&#8221; text_text_color=&#8221;#FFFFFF&#8221; text_font_size=&#8221;40px&#8221; global_colors_info=&#8221;{}&#8221;]<\/p>\n<p style=\"text-align: center;\">Lak\u00e1sv\u00e1s\u00e1rl\u00e1si hitel<\/p>\n<p>[\/et_pb_text][\/et_pb_column][\/et_pb_row][et_pb_row _builder_version=&#8221;4.27.2&#8243; _module_preset=&#8221;default&#8221; max_width=&#8221;1920px&#8221; global_colors_info=&#8221;{}&#8221; custom_margin=&#8221;5px|auto||auto||&#8221;][et_pb_column type=&#8221;4_4&#8243; _builder_version=&#8221;4.27.2&#8243; _module_preset=&#8221;default&#8221; global_colors_info=&#8221;{}&#8221;][et_pb_text _builder_version=&#8221;4.27.2&#8243; _module_preset=&#8221;default&#8221; text_font_size=&#8221;23px&#8221; text_line_height=&#8221;1.8em&#8221; ul_font=&#8221;|600|||||||&#8221; ul_text_color=&#8221;#E09900&#8243; ul_line_height=&#8221;1.8em&#8221; global_colors_info=&#8221;{}&#8221;]<\/p>\n<p style=\"text-align: justify;\">A lak\u00e1shitelek nagy csal\u00e1dj\u00e1n bel\u00fcl is a leggyakoribb, s emiatt legfontosabb eset az, amikor a hitel c\u00e9lja valamely lak\u00f3ingatlan tulajdonjog\u00e1nak megszerz\u00e9se. E pontban a minden lak\u00e1sv\u00e1s\u00e1rl\u00e1si hitelre \u00e9rv\u00e9nyes \u00e1ltal\u00e1nos jellemz\u0151ket gy\u0171jt\u00f6tt\u00fck \u00f6ssze, nem t\u00e9ve k\u00fcl\u00f6nbs\u00e9get haszn\u00e1lt vagy <a href=\"https:\/\/okoshitel.maximumweb.hu\/index.php\/uj-lakas-vasarlasa\/\">\u00faj lak\u00e1s v\u00e1s\u00e1rl\u00e1sa<\/a> k\u00f6z\u00f6tt.<\/p>\n<p style=\"text-align: justify;\"><strong>Melyek teh\u00e1t egy lak\u00e1sv\u00e1s\u00e1rl\u00e1si hitel \u00e1ltal\u00e1nos jellemz\u0151i?<\/strong><\/p>\n<p style=\"text-align: justify;\">15 pontban \u00f6sszefoglaltuk \u00d6nnek a lak\u00e1sv\u00e1s\u00e1rl\u00e1si hitelek \u00e1ltal\u00e1nos jellemz\u0151it, buktat\u00f3it. Mindenk\u00e9ppen \u00e9rdemes ezeket az inform\u00e1ci\u00f3kat \u00e1tolvasnia, amennyiben lak\u00e1sv\u00e1s\u00e1rl\u00e1si hitelben gondolkozik.<br \/>Milyen elt\u00e9r\u00e9sek vannak a bankok k\u00f6z\u00f6tt a lak\u00e1sv\u00e1s\u00e1rl\u00e1si hitelek eset\u00e9ben?<br \/>Meglep\u0151 m\u00f3don nem csak a konkr\u00e9t, sz\u00e1mszer\u0171 r\u00e9szeikben t\u00e9rnek el a bankok lak\u00e1sv\u00e1s\u00e1rl\u00e1si hitelei, hanem azok megszerz\u00e9s\u00e9nek folyamat\u00e1ban is t\u00f6bb-kevesebb k\u00fcl\u00f6nbs\u00e9get fog tal\u00e1lni, ha elkezd foglalkozni ezzel a t\u00e9m\u00e1val. Itt most csup\u00e1n egy kis szemelv\u00e9nyt adunk mindezekb\u0151l.<\/p>\n<p style=\"text-align: justify;\"><strong>\u00daj lak\u00e1s v\u00e1s\u00e1rl\u00e1sa<\/strong><\/p>\n<p style=\"text-align: justify;\">Els\u0151k\u00e9nt azt \u00e9rdemes megn\u00e9z\u00fcnk, hogy mi sz\u00e1m\u00edt\u00a0<a href=\"https:\/\/www.okoshitel.hu\/Lakashitel\/Lakasvasarlasi_hitel\/Uj_lakas_vasarlasa.html\"><strong>\u00faj lak\u00e1snak<\/strong><\/a>. K\u00f6znapi \u00e9rtelemben az, amiben m\u00e9g senki sem lakott \u00d6n el\u0151tt. Jogi \u00e9rtelemben pedig az, amiben m\u00e9g hivatalosan senki sem lakott \u00d6n el\u0151tt vagy amit a jogszab\u00e1ly meghat\u00e1roz.<\/p>\n<p style=\"text-align: justify;\"><strong>Haszn\u00e1lt lak\u00e1s v\u00e1s\u00e1rl\u00e1sa<\/strong><\/p>\n<p style=\"text-align: justify;\">A lak\u00e1sv\u00e1s\u00e1rl\u00e1si hitelek z\u00f6m\u00e9ben egy haszn\u00e1lt lak\u00e1s vagy h\u00e1z megv\u00e1s\u00e1rl\u00e1sa a c\u00e9l. Ez a leggyakoribb \u00e9s a legegyszer\u0171bb dokument\u00e1ci\u00f3t ig\u00e9nyl\u0151 lak\u00e1sv\u00e1s\u00e1rl\u00e1si hitel t\u00edpus. \u00d6sszegy\u0171jt\u00f6tt\u00fcnk n\u00e9h\u00e1ny fontos tudnival\u00f3t haszn\u00e1lt lak\u00e1s v\u00e1s\u00e1rl\u00e1s eset\u00e9re.<\/p>\n<p>[\/et_pb_text][\/et_pb_column][\/et_pb_row][\/et_pb_section]<\/p>\n","protected":false},"excerpt":{"rendered":"<p>Lak\u00e1sv\u00e1s\u00e1rl\u00e1si hitelA lak\u00e1shitelek nagy csal\u00e1dj\u00e1n bel\u00fcl is a leggyakoribb, s emiatt legfontosabb eset az, amikor a hitel c\u00e9lja valamely lak\u00f3ingatlan tulajdonjog\u00e1nak megszerz\u00e9se. E pontban a minden lak\u00e1sv\u00e1s\u00e1rl\u00e1si hitelre \u00e9rv\u00e9nyes \u00e1ltal\u00e1nos jellemz\u0151ket gy\u0171jt\u00f6tt\u00fck \u00f6ssze, nem t\u00e9ve k\u00fcl\u00f6nbs\u00e9get haszn\u00e1lt vagy \u00faj lak\u00e1s v\u00e1s\u00e1rl\u00e1sa k\u00f6z\u00f6tt. Melyek teh\u00e1t egy lak\u00e1sv\u00e1s\u00e1rl\u00e1si hitel \u00e1ltal\u00e1nos jellemz\u0151i? 15 pontban \u00f6sszefoglaltuk \u00d6nnek a lak\u00e1sv\u00e1s\u00e1rl\u00e1si [&hellip;]<\/p>\n","protected":false},"author":1,"featured_media":0,"parent":0,"menu_order":0,"comment_status":"closed","ping_status":"closed","template":"","meta":{"_et_pb_use_builder":"on","_et_pb_old_content":"<!-- wp:divi\/placeholder \/-->","_et_gb_content_width":"","footnotes":""},"class_list":["post-43","page","type-page","status-publish","hentry"],"_links":{"self":[{"href":"https:\/\/okoshitel.maximumweb.hu\/index.php\/wp-json\/wp\/v2\/pages\/43","targetHints":{"allow":["GET"]}}],"collection":[{"href":"https:\/\/okoshitel.maximumweb.hu\/index.php\/wp-json\/wp\/v2\/pages"}],"about":[{"href":"https:\/\/okoshitel.maximumweb.hu\/index.php\/wp-json\/wp\/v2\/types\/page"}],"author":[{"embeddable":true,"href":"https:\/\/okoshitel.maximumweb.hu\/index.php\/wp-json\/wp\/v2\/users\/1"}],"replies":[{"embeddable":true,"href":"https:\/\/okoshitel.maximumweb.hu\/index.php\/wp-json\/wp\/v2\/comments?post=43"}],"version-history":[{"count":8,"href":"https:\/\/okoshitel.maximumweb.hu\/index.php\/wp-json\/wp\/v2\/pages\/43\/revisions"}],"predecessor-version":[{"id":611,"href":"https:\/\/okoshitel.maximumweb.hu\/index.php\/wp-json\/wp\/v2\/pages\/43\/revisions\/611"}],"wp:attachment":[{"href":"https:\/\/okoshitel.maximumweb.hu\/index.php\/wp-json\/wp\/v2\/media?parent=43"}],"curies":[{"name":"wp","href":"https:\/\/api.w.org\/{rel}","templated":true}]}}